{"id":94,"date":"2022-04-15T11:56:15","date_gmt":"2022-04-15T09:56:15","guid":{"rendered":"https:\/\/ligue.org\/congress\/2022\/?page_id=94"},"modified":"2022-11-21T14:58:57","modified_gmt":"2022-11-21T13:58:57","slug":"inscription","status":"publish","type":"page","link":"https:\/\/ligue.org\/congress\/2022\/inscription\/","title":{"rendered":"Inscription"},"content":{"rendered":"\n<p class=\"has-text-align-center has-x-large-font-size\">L&rsquo;\u00e9v\u00e9nement est termin\u00e9<\/p>\n\n\n\n<p><\/p>\n","protected":false},"excerpt":{"rendered":"<p>L&rsquo;\u00e9v\u00e9nement est termin\u00e9<\/p>\n","protected":false},"author":1,"featured_media":0,"parent":0,"menu_order":0,"comment_status":"closed","ping_status":"closed","template":"","meta":{"footnotes":""},"class_list":["post-94","page","type-page","status-publish","hentry"],"_links":{"self":[{"href":"https:\/\/ligue.org\/congress\/2022\/wp-json\/wp\/v2\/pages\/94","targetHints":{"allow":["GET"]}}],"collection":[{"href":"https:\/\/ligue.org\/congress\/2022\/wp-json\/wp\/v2\/pages"}],"about":[{"href":"https:\/\/ligue.org\/congress\/2022\/wp-json\/wp\/v2\/types\/page"}],"author":[{"embeddable":true,"href":"https:\/\/ligue.org\/congress\/2022\/wp-json\/wp\/v2\/users\/1"}],"replies":[{"embeddable":true,"href":"https:\/\/ligue.org\/congress\/2022\/wp-json\/wp\/v2\/comments?post=94"}],"version-history":[{"count":0,"href":"https:\/\/ligue.org\/congress\/2022\/wp-json\/wp\/v2\/pages\/94\/revisions"}],"wp:attachment":[{"href":"https:\/\/ligue.org\/congress\/2022\/wp-json\/wp\/v2\/media?parent=94"}],"curies":[{"name":"wp","href":"https:\/\/api.w.org\/{rel}","templated":true}]}}